{"id":1253,"date":"2025-05-16T15:06:23","date_gmt":"2025-05-16T13:06:23","guid":{"rendered":"https:\/\/www.hotelpavlov.cz\/darkove-poukazy\/"},"modified":"2025-07-02T10:59:47","modified_gmt":"2025-07-02T08:59:47","slug":"geschenkgutscheine","status":"publish","type":"page","link":"https:\/\/www.hotelpavlov.cz\/de\/geschenkgutscheine\/","title":{"rendered":"Geschenkgutscheine"},"content":{"rendered":"<h2 style=\"text-align: center;\">Suchen Sie ein originelles Geschenk?<\/h2>\n<p style=\"text-align: center;\">Bereiten Sie Ihrer Familie, Ihren Freunden oder Ihren Kunden Freude \u2013 mit einem Geschenkgutschein zu Geburtstagen, Weihnachten oder anderen Anl\u00e4ssen.<\/p>\n<p style=\"text-align: center;\">Schenken Sie ihnen einen Aufenthalt in einem unserer Zimmer oder Apartments oder einen Besuch in unserem Restaurant mit k\u00f6stlichen Speisen und Weinen lokaler Winzer.<\/p>\n<p style=\"text-align: center;\">W\u00e4hlen Sie einen Gutschein mit einem Betrag Ihrer Wahl \u2013 den Rest \u00fcberlassen Sie einfach dem Beschenkten.<\/p>\n<p><img loading=\"lazy\" decoding=\"async\" class=\"aligncenter size-full wp-image-171\" src=\"http:\/\/www.hotelpavlov.cz\/wp-content\/uploads\/2025\/05\/darkove-poukazy-2017.jpg\" alt=\"\" width=\"1000\" height=\"749\" srcset=\"https:\/\/www.hotelpavlov.cz\/wp-content\/uploads\/2025\/05\/darkove-poukazy-2017.jpg 1000w, https:\/\/www.hotelpavlov.cz\/wp-content\/uploads\/2025\/05\/darkove-poukazy-2017-300x225.jpg 300w, https:\/\/www.hotelpavlov.cz\/wp-content\/uploads\/2025\/05\/darkove-poukazy-2017-768x575.jpg 768w\" sizes=\"auto, (max-width: 1000px) 100vw, 1000px\" \/><\/p>\n<p>&nbsp;<\/p>\n<div class=\"gdc_row\">\n<div class=\"gdc_column gdc_cquarter\">\n<div class=\"gdc_inner\">\n<p><strong>&#8222;Geschenkgutschein \u2013 UNTERKUNFT&#8220;<\/strong><\/p>\n<p>Der Wert des Gutscheins ist frei w\u00e4hlbar<br \/>\nG\u00fcltigkeit: 1 Jahr<br \/>\nNicht gegen Bargeld einl\u00f6sbar<br \/>\nBei Verlust, Besch\u00e4digung oder Diebstahl nicht erstattbar  <\/p>\n<\/div>\n<\/div>\n<div class=\"gdc_column gdc_cquarter\">\n<div class=\"gdc_inner\">\n<p><strong>&#8222;Geschenkgutschein \u2013 RESTAURANT&#8220;<\/strong><\/p>\n<p>Der Wert des Gutscheins ist frei w\u00e4hlbar<br \/>\nG\u00fcltigkeit: 1 Jahr<br \/>\nNicht gegen Bargeld einl\u00f6sbar<br \/>\nBei Verlust, Besch\u00e4digung oder Diebstahl nicht erstattbar  <\/p>\n<\/div>\n<\/div>\n<div class=\"gdc_column gdc_cquarter\">\n<div class=\"gdc_inner\">\n<p><strong>&#8222;FAMILIENAUFENTHALT \u2013 ganzj\u00e4hrig g\u00fcltig&#8220;<\/strong><\/p>\n<p>2 \u00dcbernachtungen f\u00fcr 4 Personen im Maisonette-Apartment, inklusive reichhaltigem Fr\u00fchst\u00fccksbuffet und einer Flasche Wein bei Ankunft<br \/>\nPreis: 9.990 CZK  <\/p>\n<\/div>\n<\/div>\n<div class=\"gdc_column gdc_cquarter\">\n<div class=\"gdc_inner\">\n<p><strong>&#8222;ROMANTISCHER AUFENTHALT \u2013 ganzj\u00e4hrig g\u00fcltig&#8220;<\/strong><\/p>\n<p>2 \u00dcbernachtungen f\u00fcr 2 Personen im Doppelzimmer, inklusive 1.500 CZK Restaurantguthaben und einer Flasche Wein bei Ankunft<br \/>\nPreis: 8.490 CZK  <\/p>\n<\/div>\n<\/div>\n<\/div>\n<div class=\"line\"><\/div>\n<p style=\"text-align: center;\">Wir <strong>senden Ihnen den Gutschein in einer Geschenkbox per Einschreiben<\/strong> an Ihre angegebene Adresse.<\/p>\n<div class=\"line\"><\/div>\n<p style=\"text-align: center;\">Bestellungen bitte per E-Mail an <a href=\"mailto:recepce@hotelpavlov.cz\">recepce@hotelpavlov.cz<\/a> oder telefonisch unter <strong>+420&nbsp;733&nbsp;534&nbsp;088<\/strong>.<\/p>\n<p style=\"text-align: center;\">Alle Gutscheine sind 1 Jahr ab Ausstellungsdatum g\u00fcltig.<\/p>\n","protected":false},"excerpt":{"rendered":"<p>Suchen Sie ein originelles Geschenk? Bereiten Sie Ihrer Familie, Ihren Freunden oder Ihren Kunden Freude \u2013 mit einem Geschenkgutschein zu Geburtstagen, Weihnachten oder anderen Anl\u00e4ssen. Schenken Sie ihnen einen Aufenthalt in einem unserer Zimmer oder Apartments oder einen Besuch in unserem Restaurant mit k\u00f6stlichen Speisen und Weinen lokaler Winzer. W\u00e4hlen Sie einen Gutschein mit einem&#8230;<\/p>\n","protected":false},"author":4,"featured_media":1026,"parent":0,"menu_order":0,"comment_status":"closed","ping_status":"closed","template":"","meta":{"footnotes":""},"class_list":["post-1253","page","type-page","status-publish","has-post-thumbnail","hentry"],"acf":[],"aioseo_notices":[],"_links":{"self":[{"href":"https:\/\/www.hotelpavlov.cz\/de\/wp-json\/wp\/v2\/pages\/1253","targetHints":{"allow":["GET"]}}],"collection":[{"href":"https:\/\/www.hotelpavlov.cz\/de\/wp-json\/wp\/v2\/pages"}],"about":[{"href":"https:\/\/www.hotelpavlov.cz\/de\/wp-json\/wp\/v2\/types\/page"}],"author":[{"embeddable":true,"href":"https:\/\/www.hotelpavlov.cz\/de\/wp-json\/wp\/v2\/users\/4"}],"replies":[{"embeddable":true,"href":"https:\/\/www.hotelpavlov.cz\/de\/wp-json\/wp\/v2\/comments?post=1253"}],"version-history":[{"count":0,"href":"https:\/\/www.hotelpavlov.cz\/de\/wp-json\/wp\/v2\/pages\/1253\/revisions"}],"wp:featuredmedia":[{"embeddable":true,"href":"https:\/\/www.hotelpavlov.cz\/de\/wp-json\/wp\/v2\/media\/1026"}],"wp:attachment":[{"href":"https:\/\/www.hotelpavlov.cz\/de\/wp-json\/wp\/v2\/media?parent=1253"}],"curies":[{"name":"wp","href":"https:\/\/api.w.org\/{rel}","templated":true}]}}